{"id":2,"date":"2016-05-10T03:48:21","date_gmt":"2016-05-10T03:48:21","guid":{"rendered":"http:\/\/chor-essenrode.de\/?page_id=2"},"modified":"2025-03-17T13:25:05","modified_gmt":"2025-03-17T13:25:05","slug":"sample-page","status":"publish","type":"page","link":"https:\/\/chor-essenrode.de\/","title":{"rendered":"Willkommen beim Chor Essenrode !"},"content":{"rendered":"\n<figure class=\"wp-block-image size-large\"><img loading=\"lazy\" decoding=\"async\" width=\"1024\" height=\"367\" src=\"http:\/\/chor-essenrode.de\/wp-content\/uploads\/2023\/12\/IMG_3994-scaled-e1702657931274-1024x367.jpeg\" alt=\"Chor Essenrode\" class=\"wp-image-444\" srcset=\"https:\/\/chor-essenrode.de\/wp-content\/uploads\/2023\/12\/IMG_3994-scaled-e1702657931274-1024x367.jpeg 1024w, https:\/\/chor-essenrode.de\/wp-content\/uploads\/2023\/12\/IMG_3994-scaled-e1702657931274-300x107.jpeg 300w, https:\/\/chor-essenrode.de\/wp-content\/uploads\/2023\/12\/IMG_3994-scaled-e1702657931274-768x275.jpeg 768w, https:\/\/chor-essenrode.de\/wp-content\/uploads\/2023\/12\/IMG_3994-scaled-e1702657931274-1536x550.jpeg 1536w, https:\/\/chor-essenrode.de\/wp-content\/uploads\/2023\/12\/IMG_3994-scaled-e1702657931274-2048x734.jpeg 2048w, https:\/\/chor-essenrode.de\/wp-content\/uploads\/2023\/12\/IMG_3994-scaled-e1702657931274-1200x430.jpeg 1200w\" sizes=\"auto, (max-width: 709px) 85vw, (max-width: 909px) 67vw, (max-width: 1362px) 62vw, 840px\" \/><\/figure>\n\n\n\n<h6 class=\"wp-block-heading\">Gemischter Chor von 1849 Essenrode e.V.<\/h6>\n\n\n\n<h6 class=\"wp-block-heading\">Tr\u00e4ger der Zelter-Plakette<\/h6>\n\n\n\n<p>Der Chor Essenrode ist ein Chor, der auf eine lange Tradition zur\u00fcckblicken kann. 1961 wurde dem Chor die Zelter Plakette vom damaligen Bundespr\u00e4sidenten Heinrich L\u00fcbke verliehen.&nbsp; Dem Chor geh\u00f6ren 30 aktive S\u00e4ngerinnen und S\u00e4nger an. Im Vordergrund steht bei uns der Spa\u00df am gemeinsamen Singen. Dabei wird unser Programm laufend ausgebaut und dem Zeitgeist angepasst. Wir proben Montags ab 19:00 Uhr im DGH Essenrode. Interessierte sind jederzeit herzlich eingeladen.<\/p>\n\n\n\n<h2 class=\"wp-block-heading\">Hier kannst du unsere Beitr\u00e4ge lesen<\/h2>\n\n\n<ul class=\"wp-block-latest-posts__list wp-block-latest-posts\"><li><a class=\"wp-block-latest-posts__post-title\" href=\"https:\/\/chor-essenrode.de\/?p=716\">Einladung zur Jahreshauptversammlung 2026<\/a><\/li>\n<li><a class=\"wp-block-latest-posts__post-title\" href=\"https:\/\/chor-essenrode.de\/?p=710\">Einladung zur Jahreshauptversammlung 2025<\/a><\/li>\n<li><a class=\"wp-block-latest-posts__post-title\" href=\"https:\/\/chor-essenrode.de\/?p=704\">Weil es so sch\u00f6n war!<\/a><\/li>\n<li><a class=\"wp-block-latest-posts__post-title\" href=\"https:\/\/chor-essenrode.de\/?p=697\">CHORPROBE F\u00c4LLT AUS:<\/a><\/li>\n<li><a class=\"wp-block-latest-posts__post-title\" href=\"https:\/\/chor-essenrode.de\/?p=691\">F\u00fcr Vielfalt und Demokratie, gegen Rechtsextremismus<\/a><\/li>\n<\/ul>\n\n\n<h2 class=\"wp-block-heading\">Wir haben und leben Tradition!<\/h2>\n\n\n\n<figure class=\"wp-block-image size-full\"><img loading=\"lazy\" decoding=\"async\" width=\"1200\" height=\"223\" src=\"http:\/\/chor-essenrode.de\/wp-content\/uploads\/2024\/02\/cropped-IMG_0579-e1708030134566.jpeg\" alt=\"\" class=\"wp-image-581\" srcset=\"https:\/\/chor-essenrode.de\/wp-content\/uploads\/2024\/02\/cropped-IMG_0579-e1708030134566.jpeg 1200w, https:\/\/chor-essenrode.de\/wp-content\/uploads\/2024\/02\/cropped-IMG_0579-e1708030134566-300x56.jpeg 300w, https:\/\/chor-essenrode.de\/wp-content\/uploads\/2024\/02\/cropped-IMG_0579-e1708030134566-1024x190.jpeg 1024w, https:\/\/chor-essenrode.de\/wp-content\/uploads\/2024\/02\/cropped-IMG_0579-e1708030134566-768x143.jpeg 768w\" sizes=\"auto, (max-width: 709px) 85vw, (max-width: 909px) 67vw, (max-width: 1362px) 62vw, 840px\" \/><\/figure>\n\n\n\n<p><\/p>\n","protected":false},"excerpt":{"rendered":"<p>Gemischter Chor von 1849 Essenrode e.V. Tr\u00e4ger der Zelter-Plakette Der Chor Essenrode ist ein Chor, der auf eine lange Tradition zur\u00fcckblicken kann. 1961 wurde dem Chor die Zelter Plakette vom damaligen Bundespr\u00e4sidenten Heinrich L\u00fcbke verliehen.&nbsp; Dem Chor geh\u00f6ren 30 aktive S\u00e4ngerinnen und S\u00e4nger an. Im Vordergrund steht bei uns der Spa\u00df am gemeinsamen Singen. Dabei &hellip; <a href=\"https:\/\/chor-essenrode.de\/\" class=\"more-link\"><span class=\"screen-reader-text\">\u201eWillkommen beim Chor Essenrode !\u201c<\/span> weiterlesen<\/a><\/p>\n","protected":false},"author":1,"featured_media":0,"parent":0,"menu_order":0,"comment_status":"closed","ping_status":"open","template":"","meta":{"footnotes":""},"class_list":["post-2","page","type-page","status-publish","hentry"],"_links":{"self":[{"href":"https:\/\/chor-essenrode.de\/index.php?rest_route=\/wp\/v2\/pages\/2","targetHints":{"allow":["GET"]}}],"collection":[{"href":"https:\/\/chor-essenrode.de\/index.php?rest_route=\/wp\/v2\/pages"}],"about":[{"href":"https:\/\/chor-essenrode.de\/index.php?rest_route=\/wp\/v2\/types\/page"}],"author":[{"embeddable":true,"href":"https:\/\/chor-essenrode.de\/index.php?rest_route=\/wp\/v2\/users\/1"}],"replies":[{"embeddable":true,"href":"https:\/\/chor-essenrode.de\/index.php?rest_route=%2Fwp%2Fv2%2Fcomments&post=2"}],"version-history":[{"count":26,"href":"https:\/\/chor-essenrode.de\/index.php?rest_route=\/wp\/v2\/pages\/2\/revisions"}],"predecessor-version":[{"id":703,"href":"https:\/\/chor-essenrode.de\/index.php?rest_route=\/wp\/v2\/pages\/2\/revisions\/703"}],"wp:attachment":[{"href":"https:\/\/chor-essenrode.de\/index.php?rest_route=%2Fwp%2Fv2%2Fmedia&parent=2"}],"curies":[{"name":"wp","href":"https:\/\/api.w.org\/{rel}","templated":true}]}}