{"id":349,"date":"2023-02-20T17:42:14","date_gmt":"2023-02-20T17:42:14","guid":{"rendered":"http:\/\/chor-essenrode.de\/?page_id=349"},"modified":"2023-02-20T18:16:47","modified_gmt":"2023-02-20T18:16:47","slug":"zelter-plakette","status":"publish","type":"page","link":"https:\/\/chor-essenrode.de\/?page_id=349","title":{"rendered":"Zelter-Plakette"},"content":{"rendered":"\n<p>1961 wurde dem damals noch als M\u00e4nngergesangsverein gef\u00fchrten Chor Essenrode, durch den Bundespr\u00e4sidenten Heinrich L\u00fcbke die Zelter-Plakette verliehen.<\/p>\n\n\n\n<figure class=\"wp-block-image size-full\"><img loading=\"lazy\" decoding=\"async\" width=\"729\" height=\"969\" src=\"http:\/\/chor-essenrode.de\/wp-content\/uploads\/2023\/02\/Zelter-Pkakette-Urkunde.jpg\" alt=\"\" class=\"wp-image-362\" srcset=\"https:\/\/chor-essenrode.de\/wp-content\/uploads\/2023\/02\/Zelter-Pkakette-Urkunde.jpg 729w, https:\/\/chor-essenrode.de\/wp-content\/uploads\/2023\/02\/Zelter-Pkakette-Urkunde-226x300.jpg 226w\" sizes=\"auto, (max-width: 729px) 85vw, 729px\" \/><\/figure>\n\n\n\n<p>Die Zelter-Plakette ist die h\u00f6chste deutsche Auszeichnung f\u00fcr Amateurch\u00f6re.<br><br>Sie wurde 1956 vom damaligen Bundespr\u00e4sidenten Theodor Heuss als staatliche Auszeichnung gestiftet.<br><br>Der Bundespr\u00e4sident verleiht sie allj\u00e4hrlich an Ch\u00f6re, die seit mindestens 100 Jahren ununterbrochen musikalisch wirken und sich in langj\u00e4hrigem Wirken besondere Verdienste um die Pflege der Chormusik und des deutschen Volksliedes und damit um die F\u00f6rderung des kulturellen Lebens erworben haben.<br><br>Die Zelter-Plakette zeigt auf der Vorderseite das Bildnis Carl Friedrich Zelters und auf der R\u00fcckseite den Bundesadler mit der Umschrift &#8222;F\u00fcr Verdienste um Chorgesang und Volkslied&#8220;. Zusammen mit der Zelter-Plakette wird eine vom Bundespr\u00e4sidenten unterzeichnete Urkunde \u00fcberreicht.<\/p>\n","protected":false},"excerpt":{"rendered":"<p>1961 wurde dem damals noch als M\u00e4nngergesangsverein gef\u00fchrten Chor Essenrode, durch den Bundespr\u00e4sidenten Heinrich L\u00fcbke die Zelter-Plakette verliehen. Die Zelter-Plakette ist die h\u00f6chste deutsche Auszeichnung f\u00fcr Amateurch\u00f6re. Sie wurde 1956 vom damaligen Bundespr\u00e4sidenten Theodor Heuss als staatliche Auszeichnung gestiftet. Der Bundespr\u00e4sident verleiht sie allj\u00e4hrlich an Ch\u00f6re, die seit mindestens 100 Jahren ununterbrochen musikalisch wirken und &hellip; <a href=\"https:\/\/chor-essenrode.de\/?page_id=349\" class=\"more-link\"><span class=\"screen-reader-text\">\u201eZelter-Plakette\u201c<\/span> weiterlesen<\/a><\/p>\n","protected":false},"author":1,"featured_media":0,"parent":0,"menu_order":0,"comment_status":"closed","ping_status":"closed","template":"","meta":{"footnotes":""},"class_list":["post-349","page","type-page","status-publish","hentry"],"_links":{"self":[{"href":"https:\/\/chor-essenrode.de\/index.php?rest_route=\/wp\/v2\/pages\/349","targetHints":{"allow":["GET"]}}],"collection":[{"href":"https:\/\/chor-essenrode.de\/index.php?rest_route=\/wp\/v2\/pages"}],"about":[{"href":"https:\/\/chor-essenrode.de\/index.php?rest_route=\/wp\/v2\/types\/page"}],"author":[{"embeddable":true,"href":"https:\/\/chor-essenrode.de\/index.php?rest_route=\/wp\/v2\/users\/1"}],"replies":[{"embeddable":true,"href":"https:\/\/chor-essenrode.de\/index.php?rest_route=%2Fwp%2Fv2%2Fcomments&post=349"}],"version-history":[{"count":5,"href":"https:\/\/chor-essenrode.de\/index.php?rest_route=\/wp\/v2\/pages\/349\/revisions"}],"predecessor-version":[{"id":364,"href":"https:\/\/chor-essenrode.de\/index.php?rest_route=\/wp\/v2\/pages\/349\/revisions\/364"}],"wp:attachment":[{"href":"https:\/\/chor-essenrode.de\/index.php?rest_route=%2Fwp%2Fv2%2Fmedia&parent=349"}],"curies":[{"name":"wp","href":"https:\/\/api.w.org\/{rel}","templated":true}]}}