{"id":524,"date":"2024-02-03T14:39:35","date_gmt":"2024-02-03T14:39:35","guid":{"rendered":"https:\/\/chor-essenrode.de\/?page_id=524"},"modified":"2024-05-31T10:15:48","modified_gmt":"2024-05-31T10:15:48","slug":"partner","status":"publish","type":"page","link":"https:\/\/chor-essenrode.de\/?page_id=524","title":{"rendered":"Partner"},"content":{"rendered":"\n<p>Herzlich willkommen auf der Partnerseite des Chors Essenrode! Wir m\u00f6chten auf dieser Seite unsere gesch\u00e4tzten Partner vorstellen und uns herzlich f\u00fcr ihre wertvolle Unterst\u00fctzung zu bedanken. <\/p>\n\n\n\n<p>Dank der gro\u00dfz\u00fcgigen Unterst\u00fctzung unserer Partner konnten im Jubil\u00e4umsjahr des Chores vielf\u00e4ltige Veranstaltungen realisiert werden. Ihre finanzielle und logistische Hilfe hat es uns erm\u00f6glicht, besondere musikalische Momente zu schaffen und die Gemeinschaft durch ein reichhaltiges Veranstaltungsprogramm zu bereichern. Wir sind zutiefst dankbar f\u00fcr die Partnerschaft, die uns erm\u00f6glicht hat, unser Jubil\u00e4umsjahr mit kreativen und inspirierenden Ereignissen zu feiern.<\/p>\n\n\n\n<p>Haben wir ihr Interesse geweckt und sie m\u00f6chten unseren kleinen gemeinn\u00fctzigen Verein mit Sach- oder Finanzspenden unterst\u00fctzen. Schreiben sie bitte an vorstand@chor-essenrode.de oder \u00fcberweisen sie einen Betrag auf unser Konto. Selbstverst\u00e4ndlich k\u00f6nnen Sie von uns eine Spendenquittung erhalten um die Spende steuerlich geltend zu machen.<\/p>\n\n\n\n<h2 class=\"wp-block-heading\">IGM-Wolfsburg<\/h2>\n\n\n\n<figure class=\"wp-block-image size-full\"><img loading=\"lazy\" decoding=\"async\" width=\"698\" height=\"697\" src=\"https:\/\/chor-essenrode.de\/wp-content\/uploads\/2024\/02\/IMG_0567.jpeg\" alt=\"\" class=\"wp-image-531\" srcset=\"https:\/\/chor-essenrode.de\/wp-content\/uploads\/2024\/02\/IMG_0567.jpeg 698w, https:\/\/chor-essenrode.de\/wp-content\/uploads\/2024\/02\/IMG_0567-300x300.jpeg 300w, https:\/\/chor-essenrode.de\/wp-content\/uploads\/2024\/02\/IMG_0567-150x150.jpeg 150w\" sizes=\"auto, (max-width: 698px) 85vw, 698px\" \/><\/figure>\n\n\n\n<p><\/p>\n\n\n\n<p><\/p>\n\n\n\n<figure class=\"wp-block-image size-large\"><img loading=\"lazy\" decoding=\"async\" width=\"1024\" height=\"628\" src=\"http:\/\/chor-essenrode.de\/wp-content\/uploads\/2024\/04\/20240201-Logo-Bruehrungspunkt-1024x628.jpeg\" alt=\"\" class=\"wp-image-626\" srcset=\"https:\/\/chor-essenrode.de\/wp-content\/uploads\/2024\/04\/20240201-Logo-Bruehrungspunkt-1024x628.jpeg 1024w, https:\/\/chor-essenrode.de\/wp-content\/uploads\/2024\/04\/20240201-Logo-Bruehrungspunkt-300x184.jpeg 300w, https:\/\/chor-essenrode.de\/wp-content\/uploads\/2024\/04\/20240201-Logo-Bruehrungspunkt-768x471.jpeg 768w, https:\/\/chor-essenrode.de\/wp-content\/uploads\/2024\/04\/20240201-Logo-Bruehrungspunkt-1536x941.jpeg 1536w, https:\/\/chor-essenrode.de\/wp-content\/uploads\/2024\/04\/20240201-Logo-Bruehrungspunkt-2048x1255.jpeg 2048w, https:\/\/chor-essenrode.de\/wp-content\/uploads\/2024\/04\/20240201-Logo-Bruehrungspunkt-1200x735.jpeg 1200w\" sizes=\"auto, (max-width: 709px) 85vw, (max-width: 909px) 67vw, (max-width: 1362px) 62vw, 840px\" \/><\/figure>\n\n\n\n<figure class=\"wp-block-image size-full\"><img loading=\"lazy\" decoding=\"async\" width=\"992\" height=\"845\" src=\"http:\/\/chor-essenrode.de\/wp-content\/uploads\/2024\/04\/IMG_4589.jpeg\" alt=\"\" class=\"wp-image-633\" srcset=\"https:\/\/chor-essenrode.de\/wp-content\/uploads\/2024\/04\/IMG_4589.jpeg 992w, https:\/\/chor-essenrode.de\/wp-content\/uploads\/2024\/04\/IMG_4589-300x256.jpeg 300w, https:\/\/chor-essenrode.de\/wp-content\/uploads\/2024\/04\/IMG_4589-768x654.jpeg 768w\" sizes=\"auto, (max-width: 709px) 85vw, (max-width: 909px) 67vw, (max-width: 1362px) 62vw, 840px\" \/><\/figure>\n\n\n\n<p><\/p>\n\n\n\n<figure class=\"wp-block-image size-full\"><img loading=\"lazy\" decoding=\"async\" width=\"963\" height=\"337\" src=\"https:\/\/chor-essenrode.de\/wp-content\/uploads\/2024\/05\/IMG_4670.jpeg\" alt=\"\" class=\"wp-image-641\" srcset=\"https:\/\/chor-essenrode.de\/wp-content\/uploads\/2024\/05\/IMG_4670.jpeg 963w, https:\/\/chor-essenrode.de\/wp-content\/uploads\/2024\/05\/IMG_4670-300x105.jpeg 300w, https:\/\/chor-essenrode.de\/wp-content\/uploads\/2024\/05\/IMG_4670-768x269.jpeg 768w\" sizes=\"auto, (max-width: 709px) 85vw, (max-width: 909px) 67vw, (max-width: 1362px) 62vw, 840px\" \/><\/figure>\n\n\n\n<figure class=\"wp-block-image size-full\"><img loading=\"lazy\" decoding=\"async\" width=\"1015\" height=\"456\" src=\"https:\/\/chor-essenrode.de\/wp-content\/uploads\/2024\/05\/IMG_4671.jpeg\" alt=\"\" class=\"wp-image-644\" srcset=\"https:\/\/chor-essenrode.de\/wp-content\/uploads\/2024\/05\/IMG_4671.jpeg 1015w, https:\/\/chor-essenrode.de\/wp-content\/uploads\/2024\/05\/IMG_4671-300x135.jpeg 300w, https:\/\/chor-essenrode.de\/wp-content\/uploads\/2024\/05\/IMG_4671-768x345.jpeg 768w\" sizes=\"auto, (max-width: 709px) 85vw, (max-width: 909px) 67vw, (max-width: 1362px) 62vw, 840px\" \/><\/figure>\n\n\n\n<p><\/p>\n\n\n\n<figure class=\"wp-block-image size-large\"><img loading=\"lazy\" decoding=\"async\" width=\"1024\" height=\"826\" src=\"http:\/\/chor-essenrode.de\/wp-content\/uploads\/2024\/05\/IMG_4680-1024x826.jpeg\" alt=\"\" class=\"wp-image-650\" srcset=\"https:\/\/chor-essenrode.de\/wp-content\/uploads\/2024\/05\/IMG_4680-1024x826.jpeg 1024w, https:\/\/chor-essenrode.de\/wp-content\/uploads\/2024\/05\/IMG_4680-300x242.jpeg 300w, https:\/\/chor-essenrode.de\/wp-content\/uploads\/2024\/05\/IMG_4680-768x620.jpeg 768w, https:\/\/chor-essenrode.de\/wp-content\/uploads\/2024\/05\/IMG_4680.jpeg 1098w\" sizes=\"auto, (max-width: 709px) 85vw, (max-width: 909px) 67vw, (max-width: 1362px) 62vw, 840px\" \/><\/figure>\n\n\n\n<p><\/p>\n\n\n\n<figure class=\"wp-block-image size-large\"><img loading=\"lazy\" decoding=\"async\" width=\"1024\" height=\"985\" src=\"http:\/\/chor-essenrode.de\/wp-content\/uploads\/2024\/05\/IMG_4685-1024x985.jpeg\" alt=\"\" class=\"wp-image-656\" srcset=\"https:\/\/chor-essenrode.de\/wp-content\/uploads\/2024\/05\/IMG_4685-1024x985.jpeg 1024w, https:\/\/chor-essenrode.de\/wp-content\/uploads\/2024\/05\/IMG_4685-300x289.jpeg 300w, https:\/\/chor-essenrode.de\/wp-content\/uploads\/2024\/05\/IMG_4685-768x739.jpeg 768w, https:\/\/chor-essenrode.de\/wp-content\/uploads\/2024\/05\/IMG_4685.jpeg 1170w\" sizes=\"auto, (max-width: 709px) 85vw, (max-width: 909px) 67vw, (max-width: 1362px) 62vw, 840px\" \/><\/figure>\n\n\n\n<p><\/p>\n\n\n\n<figure class=\"wp-block-image size-large\"><img loading=\"lazy\" decoding=\"async\" width=\"1024\" height=\"346\" src=\"https:\/\/chor-essenrode.de\/wp-content\/uploads\/2024\/05\/IMG_0638-1024x346.jpeg\" alt=\"\" class=\"wp-image-661\" srcset=\"https:\/\/chor-essenrode.de\/wp-content\/uploads\/2024\/05\/IMG_0638-1024x346.jpeg 1024w, https:\/\/chor-essenrode.de\/wp-content\/uploads\/2024\/05\/IMG_0638-300x101.jpeg 300w, https:\/\/chor-essenrode.de\/wp-content\/uploads\/2024\/05\/IMG_0638-768x260.jpeg 768w, https:\/\/chor-essenrode.de\/wp-content\/uploads\/2024\/05\/IMG_0638-1536x519.jpeg 1536w, https:\/\/chor-essenrode.de\/wp-content\/uploads\/2024\/05\/IMG_0638-1200x405.jpeg 1200w, https:\/\/chor-essenrode.de\/wp-content\/uploads\/2024\/05\/IMG_0638.jpeg 1823w\" sizes=\"auto, (max-width: 709px) 85vw, (max-width: 909px) 67vw, (max-width: 1362px) 62vw, 840px\" \/><\/figure>\n\n\n\n<p><\/p>\n\n\n\n<figure class=\"wp-block-image size-full\"><img loading=\"lazy\" decoding=\"async\" width=\"768\" height=\"1024\" src=\"http:\/\/chor-essenrode.de\/wp-content\/uploads\/2024\/05\/bartsch-displayanzeigen-3-klein.jpeg\" alt=\"\" class=\"wp-image-665\" srcset=\"https:\/\/chor-essenrode.de\/wp-content\/uploads\/2024\/05\/bartsch-displayanzeigen-3-klein.jpeg 768w, https:\/\/chor-essenrode.de\/wp-content\/uploads\/2024\/05\/bartsch-displayanzeigen-3-klein-225x300.jpeg 225w\" sizes=\"auto, (max-width: 768px) 85vw, 768px\" \/><\/figure>\n","protected":false},"excerpt":{"rendered":"<p>Herzlich willkommen auf der Partnerseite des Chors Essenrode! Wir m\u00f6chten auf dieser Seite unsere gesch\u00e4tzten Partner vorstellen und uns herzlich f\u00fcr ihre wertvolle Unterst\u00fctzung zu bedanken. Dank der gro\u00dfz\u00fcgigen Unterst\u00fctzung unserer Partner konnten im Jubil\u00e4umsjahr des Chores vielf\u00e4ltige Veranstaltungen realisiert werden. Ihre finanzielle und logistische Hilfe hat es uns erm\u00f6glicht, besondere musikalische Momente zu schaffen &hellip; <a href=\"https:\/\/chor-essenrode.de\/?page_id=524\" class=\"more-link\"><span class=\"screen-reader-text\">\u201ePartner\u201c<\/span> weiterlesen<\/a><\/p>\n","protected":false},"author":1,"featured_media":0,"parent":0,"menu_order":0,"comment_status":"closed","ping_status":"closed","template":"","meta":{"footnotes":""},"class_list":["post-524","page","type-page","status-publish","hentry"],"_links":{"self":[{"href":"https:\/\/chor-essenrode.de\/index.php?rest_route=\/wp\/v2\/pages\/524","targetHints":{"allow":["GET"]}}],"collection":[{"href":"https:\/\/chor-essenrode.de\/index.php?rest_route=\/wp\/v2\/pages"}],"about":[{"href":"https:\/\/chor-essenrode.de\/index.php?rest_route=\/wp\/v2\/types\/page"}],"author":[{"embeddable":true,"href":"https:\/\/chor-essenrode.de\/index.php?rest_route=\/wp\/v2\/users\/1"}],"replies":[{"embeddable":true,"href":"https:\/\/chor-essenrode.de\/index.php?rest_route=%2Fwp%2Fv2%2Fcomments&post=524"}],"version-history":[{"count":14,"href":"https:\/\/chor-essenrode.de\/index.php?rest_route=\/wp\/v2\/pages\/524\/revisions"}],"predecessor-version":[{"id":666,"href":"https:\/\/chor-essenrode.de\/index.php?rest_route=\/wp\/v2\/pages\/524\/revisions\/666"}],"wp:attachment":[{"href":"https:\/\/chor-essenrode.de\/index.php?rest_route=%2Fwp%2Fv2%2Fmedia&parent=524"}],"curies":[{"name":"wp","href":"https:\/\/api.w.org\/{rel}","templated":true}]}}